{"id":29587,"date":"2025-08-11T14:23:27","date_gmt":"2025-08-11T14:23:27","guid":{"rendered":"https:\/\/zigatex.com.gt\/?post_type=product&#038;p=29587"},"modified":"2025-08-11T21:33:05","modified_gmt":"2025-08-11T21:33:05","slug":"calcetines-de-compresion","status":"publish","type":"product","link":"https:\/\/zigatex.com.gt\/en\/product\/calcetines-de-compresion\/","title":{"rendered":"Calcetines de Compresi\u00f3n"},"content":{"rendered":"<p><strong>Circulaci\u00f3n, menos hinchaz\u00f3n<\/strong><\/p>","protected":false},"excerpt":{"rendered":"<p><strong>Circulaci\u00f3n, menos hinchaz\u00f3n<\/strong><\/p>","protected":false},"featured_media":29694,"comment_status":"open","ping_status":"closed","template":"","meta":[],"product_brand":[55],"product_cat":[76],"product_tag":[],"class_list":{"0":"post-29587","1":"product","2":"type-product","3":"status-publish","4":"has-post-thumbnail","6":"product_brand-yoma","7":"product_cat-calcetinesdeportivosrendimiento","9":"first","10":"instock","11":"shipping-taxable","12":"product-type-simple"},"_links":{"self":[{"href":"https:\/\/zigatex.com.gt\/en\/wp-json\/wp\/v2\/product\/29587","targetHints":{"allow":["GET"]}}],"collection":[{"href":"https:\/\/zigatex.com.gt\/en\/wp-json\/wp\/v2\/product"}],"about":[{"href":"https:\/\/zigatex.com.gt\/en\/wp-json\/wp\/v2\/types\/product"}],"replies":[{"embeddable":true,"href":"https:\/\/zigatex.com.gt\/en\/wp-json\/wp\/v2\/comments?post=29587"}],"version-history":[{"count":1,"href":"https:\/\/zigatex.com.gt\/en\/wp-json\/wp\/v2\/product\/29587\/revisions"}],"predecessor-version":[{"id":29588,"href":"https:\/\/zigatex.com.gt\/en\/wp-json\/wp\/v2\/product\/29587\/revisions\/29588"}],"wp:featuredmedia":[{"embeddable":true,"href":"https:\/\/zigatex.com.gt\/en\/wp-json\/wp\/v2\/media\/29694"}],"wp:attachment":[{"href":"https:\/\/zigatex.com.gt\/en\/wp-json\/wp\/v2\/media?parent=29587"}],"wp:term":[{"taxonomy":"product_brand","embeddable":true,"href":"https:\/\/zigatex.com.gt\/en\/wp-json\/wp\/v2\/product_brand?post=29587"},{"taxonomy":"product_cat","embeddable":true,"href":"https:\/\/zigatex.com.gt\/en\/wp-json\/wp\/v2\/product_cat?post=29587"},{"taxonomy":"product_tag","embeddable":true,"href":"https:\/\/zigatex.com.gt\/en\/wp-json\/wp\/v2\/product_tag?post=29587"}],"curies":[{"name":"wp","href":"https:\/\/api.w.org\/{rel}","templated":true}]}}