{"id":29601,"date":"2025-08-11T14:30:41","date_gmt":"2025-08-11T14:30:41","guid":{"rendered":"https:\/\/zigatex.com.gt\/?post_type=product&#038;p=29601"},"modified":"2025-08-11T21:39:41","modified_gmt":"2025-08-11T21:39:41","slug":"calcetines-de-bebe-puno-doblado","status":"publish","type":"product","link":"https:\/\/zigatex.com.gt\/en\/product\/calcetines-de-bebe-puno-doblado\/","title":{"rendered":"Calcetines de Beb\u00e9 pu\u00f1o doblado"},"content":{"rendered":"<p><strong>Pu\u00f1o doblado, ajuste c\u00f3modo.<\/strong><\/p>","protected":false},"excerpt":{"rendered":"<p><strong>Pu\u00f1o doblado, ajuste c\u00f3modo.<\/strong><\/p>","protected":false},"featured_media":29687,"comment_status":"open","ping_status":"closed","template":"","meta":[],"product_brand":[55],"product_cat":[77],"product_tag":[],"class_list":{"0":"post-29601","1":"product","2":"type-product","3":"status-publish","4":"has-post-thumbnail","6":"product_brand-yoma","7":"product_cat-calcetinesbebe","9":"first","10":"instock","11":"shipping-taxable","12":"product-type-simple"},"_links":{"self":[{"href":"https:\/\/zigatex.com.gt\/en\/wp-json\/wp\/v2\/product\/29601","targetHints":{"allow":["GET"]}}],"collection":[{"href":"https:\/\/zigatex.com.gt\/en\/wp-json\/wp\/v2\/product"}],"about":[{"href":"https:\/\/zigatex.com.gt\/en\/wp-json\/wp\/v2\/types\/product"}],"replies":[{"embeddable":true,"href":"https:\/\/zigatex.com.gt\/en\/wp-json\/wp\/v2\/comments?post=29601"}],"version-history":[{"count":1,"href":"https:\/\/zigatex.com.gt\/en\/wp-json\/wp\/v2\/product\/29601\/revisions"}],"predecessor-version":[{"id":29602,"href":"https:\/\/zigatex.com.gt\/en\/wp-json\/wp\/v2\/product\/29601\/revisions\/29602"}],"wp:featuredmedia":[{"embeddable":true,"href":"https:\/\/zigatex.com.gt\/en\/wp-json\/wp\/v2\/media\/29687"}],"wp:attachment":[{"href":"https:\/\/zigatex.com.gt\/en\/wp-json\/wp\/v2\/media?parent=29601"}],"wp:term":[{"taxonomy":"product_brand","embeddable":true,"href":"https:\/\/zigatex.com.gt\/en\/wp-json\/wp\/v2\/product_brand?post=29601"},{"taxonomy":"product_cat","embeddable":true,"href":"https:\/\/zigatex.com.gt\/en\/wp-json\/wp\/v2\/product_cat?post=29601"},{"taxonomy":"product_tag","embeddable":true,"href":"https:\/\/zigatex.com.gt\/en\/wp-json\/wp\/v2\/product_tag?post=29601"}],"curies":[{"name":"wp","href":"https:\/\/api.w.org\/{rel}","templated":true}]}}