{"id":29729,"date":"2025-08-12T14:14:41","date_gmt":"2025-08-12T14:14:41","guid":{"rendered":"https:\/\/zigatex.com.gt\/?post_type=product&#038;p=29729"},"modified":"2025-09-02T18:26:54","modified_gmt":"2025-09-02T18:26:54","slug":"boxer-nino-gris","status":"publish","type":"product","link":"https:\/\/zigatex.com.gt\/en\/product\/boxer-nino-gris\/","title":{"rendered":"Boxer Ni\u00f1o &#8211; varios dise\u00f1os y colores"},"content":{"rendered":"<p><strong>Boxer Ni\u00f1o variedad de dise\u00f1os y colores<\/strong><\/p>\n<p><strong>Material: Algod\u00f3n<\/strong><\/p>\n<p><strong>Tallas: S \/ M \/ L\u00a0<\/strong><\/p>","protected":false},"excerpt":{"rendered":"<p><strong>Boxer Ni\u00f1o color Gris<\/strong><\/p>\n<p><strong>Material: Algod\u00f3n<\/strong><\/p>\n<p><strong>Tallas: S \/ M \/ L\u00a0<\/strong><\/p>","protected":false},"featured_media":29908,"comment_status":"open","ping_status":"closed","template":"","meta":[],"product_brand":[50],"product_cat":[89],"product_tag":[],"class_list":{"0":"post-29729","1":"product","2":"type-product","3":"status-publish","4":"has-post-thumbnail","6":"product_brand-american-legend","7":"product_cat-boxer-nino","9":"first","10":"instock","11":"shipping-taxable","12":"product-type-simple"},"_links":{"self":[{"href":"https:\/\/zigatex.com.gt\/en\/wp-json\/wp\/v2\/product\/29729","targetHints":{"allow":["GET"]}}],"collection":[{"href":"https:\/\/zigatex.com.gt\/en\/wp-json\/wp\/v2\/product"}],"about":[{"href":"https:\/\/zigatex.com.gt\/en\/wp-json\/wp\/v2\/types\/product"}],"replies":[{"embeddable":true,"href":"https:\/\/zigatex.com.gt\/en\/wp-json\/wp\/v2\/comments?post=29729"}],"version-history":[{"count":4,"href":"https:\/\/zigatex.com.gt\/en\/wp-json\/wp\/v2\/product\/29729\/revisions"}],"predecessor-version":[{"id":29910,"href":"https:\/\/zigatex.com.gt\/en\/wp-json\/wp\/v2\/product\/29729\/revisions\/29910"}],"wp:featuredmedia":[{"embeddable":true,"href":"https:\/\/zigatex.com.gt\/en\/wp-json\/wp\/v2\/media\/29908"}],"wp:attachment":[{"href":"https:\/\/zigatex.com.gt\/en\/wp-json\/wp\/v2\/media?parent=29729"}],"wp:term":[{"taxonomy":"product_brand","embeddable":true,"href":"https:\/\/zigatex.com.gt\/en\/wp-json\/wp\/v2\/product_brand?post=29729"},{"taxonomy":"product_cat","embeddable":true,"href":"https:\/\/zigatex.com.gt\/en\/wp-json\/wp\/v2\/product_cat?post=29729"},{"taxonomy":"product_tag","embeddable":true,"href":"https:\/\/zigatex.com.gt\/en\/wp-json\/wp\/v2\/product_tag?post=29729"}],"curies":[{"name":"wp","href":"https:\/\/api.w.org\/{rel}","templated":true}]}}