{"id":29744,"date":"2025-08-12T15:02:08","date_gmt":"2025-08-12T15:02:08","guid":{"rendered":"https:\/\/zigatex.com.gt\/?post_type=product&#038;p=29744"},"modified":"2025-09-02T20:19:15","modified_gmt":"2025-09-02T20:19:15","slug":"t-shir-nino-blanco","status":"publish","type":"product","link":"https:\/\/zigatex.com.gt\/en\/product\/t-shir-nino-blanco\/","title":{"rendered":"T-Shirt Ni\u00f1o &#8211; varios dise\u00f1os y colores"},"content":{"rendered":"<p><strong>T-Shirt Ni\u00f1o variedad de dise\u00f1os y colores<\/strong><\/p>\n<p><strong>Tipo: Jersey<\/strong><\/p>\n<p><strong>Tallas: S \/ M \/ L\u00a0<\/strong><\/p>","protected":false},"excerpt":{"rendered":"<p><strong>T-Shirt Ni\u00f1o color Blanco<\/strong><\/p>\n<p><strong>Tipo: Jersey<\/strong><\/p>\n<p><strong>Tallas: S \/ M \/ L \/ XL<\/strong><\/p>","protected":false},"featured_media":29918,"comment_status":"open","ping_status":"closed","template":"","meta":[],"product_brand":[50],"product_cat":[90],"product_tag":[],"class_list":{"0":"post-29744","1":"product","2":"type-product","3":"status-publish","4":"has-post-thumbnail","6":"product_brand-american-legend","7":"product_cat-tshirtnino","9":"first","10":"instock","11":"shipping-taxable","12":"product-type-simple"},"_links":{"self":[{"href":"https:\/\/zigatex.com.gt\/en\/wp-json\/wp\/v2\/product\/29744","targetHints":{"allow":["GET"]}}],"collection":[{"href":"https:\/\/zigatex.com.gt\/en\/wp-json\/wp\/v2\/product"}],"about":[{"href":"https:\/\/zigatex.com.gt\/en\/wp-json\/wp\/v2\/types\/product"}],"replies":[{"embeddable":true,"href":"https:\/\/zigatex.com.gt\/en\/wp-json\/wp\/v2\/comments?post=29744"}],"version-history":[{"count":4,"href":"https:\/\/zigatex.com.gt\/en\/wp-json\/wp\/v2\/product\/29744\/revisions"}],"predecessor-version":[{"id":29900,"href":"https:\/\/zigatex.com.gt\/en\/wp-json\/wp\/v2\/product\/29744\/revisions\/29900"}],"wp:featuredmedia":[{"embeddable":true,"href":"https:\/\/zigatex.com.gt\/en\/wp-json\/wp\/v2\/media\/29918"}],"wp:attachment":[{"href":"https:\/\/zigatex.com.gt\/en\/wp-json\/wp\/v2\/media?parent=29744"}],"wp:term":[{"taxonomy":"product_brand","embeddable":true,"href":"https:\/\/zigatex.com.gt\/en\/wp-json\/wp\/v2\/product_brand?post=29744"},{"taxonomy":"product_cat","embeddable":true,"href":"https:\/\/zigatex.com.gt\/en\/wp-json\/wp\/v2\/product_cat?post=29744"},{"taxonomy":"product_tag","embeddable":true,"href":"https:\/\/zigatex.com.gt\/en\/wp-json\/wp\/v2\/product_tag?post=29744"}],"curies":[{"name":"wp","href":"https:\/\/api.w.org\/{rel}","templated":true}]}}