{"id":29759,"date":"2025-08-12T15:14:44","date_gmt":"2025-08-12T15:14:44","guid":{"rendered":"https:\/\/zigatex.com.gt\/?post_type=product&#038;p=29759"},"modified":"2025-09-01T21:41:35","modified_gmt":"2025-09-01T21:41:35","slug":"bodies-bebes-rosado","status":"publish","type":"product","link":"https:\/\/zigatex.com.gt\/en\/product\/bodies-bebes-rosado\/","title":{"rendered":"Bodies Beb\u00e9s &#8211; varios dise\u00f1os y colores"},"content":{"rendered":"<p><strong>Bodie Beb\u00e9s colores Blanco, Celeste, Rosado<\/strong><\/p>\n<p><strong>Material: Algod\u00f3n peinado<\/strong><\/p>\n<p><strong>Tipo: Manga corta<\/strong><\/p>\n<p><strong>Medidas: 0-3M a 12-18M<\/strong><\/p>\n<p><strong>Colores surtidos: 3 pack<\/strong><\/p>\n<p><strong>Variedad de dise\u00f1os y colores<\/strong><\/p>","protected":false},"excerpt":{"rendered":"<p><strong>Bodie Beb\u00e9s &#8211; variedad de dise\u00f1os y colores<\/strong><\/p>\n<p><strong>Material: Algod\u00f3n peinado<\/strong><\/p>\n<p><strong>Tipo: Manga corta<\/strong><\/p>\n<p><strong>Medidas: 0-3M a 12-18M<\/strong><\/p>\n<p><strong>Colores surtidos: 3 pack<\/strong><\/p>\n<p><strong>Variedad de dise\u00f1os<\/strong><\/p>","protected":false},"featured_media":29752,"comment_status":"open","ping_status":"closed","template":"","meta":[],"product_brand":[52],"product_cat":[85],"product_tag":[],"class_list":{"0":"post-29759","1":"product","2":"type-product","3":"status-publish","4":"has-post-thumbnail","6":"product_brand-siksak","7":"product_cat-bodiesbebe","9":"first","10":"instock","11":"shipping-taxable","12":"product-type-simple"},"_links":{"self":[{"href":"https:\/\/zigatex.com.gt\/en\/wp-json\/wp\/v2\/product\/29759","targetHints":{"allow":["GET"]}}],"collection":[{"href":"https:\/\/zigatex.com.gt\/en\/wp-json\/wp\/v2\/product"}],"about":[{"href":"https:\/\/zigatex.com.gt\/en\/wp-json\/wp\/v2\/types\/product"}],"replies":[{"embeddable":true,"href":"https:\/\/zigatex.com.gt\/en\/wp-json\/wp\/v2\/comments?post=29759"}],"version-history":[{"count":5,"href":"https:\/\/zigatex.com.gt\/en\/wp-json\/wp\/v2\/product\/29759\/revisions"}],"predecessor-version":[{"id":29898,"href":"https:\/\/zigatex.com.gt\/en\/wp-json\/wp\/v2\/product\/29759\/revisions\/29898"}],"wp:featuredmedia":[{"embeddable":true,"href":"https:\/\/zigatex.com.gt\/en\/wp-json\/wp\/v2\/media\/29752"}],"wp:attachment":[{"href":"https:\/\/zigatex.com.gt\/en\/wp-json\/wp\/v2\/media?parent=29759"}],"wp:term":[{"taxonomy":"product_brand","embeddable":true,"href":"https:\/\/zigatex.com.gt\/en\/wp-json\/wp\/v2\/product_brand?post=29759"},{"taxonomy":"product_cat","embeddable":true,"href":"https:\/\/zigatex.com.gt\/en\/wp-json\/wp\/v2\/product_cat?post=29759"},{"taxonomy":"product_tag","embeddable":true,"href":"https:\/\/zigatex.com.gt\/en\/wp-json\/wp\/v2\/product_tag?post=29759"}],"curies":[{"name":"wp","href":"https:\/\/api.w.org\/{rel}","templated":true}]}}