{"id":29765,"date":"2025-08-12T15:30:52","date_gmt":"2025-08-12T15:30:52","guid":{"rendered":"https:\/\/zigatex.com.gt\/?post_type=product&#038;p=29765"},"modified":"2025-09-01T16:01:40","modified_gmt":"2025-09-01T16:01:40","slug":"zapatitos-bebes-negro","status":"publish","type":"product","link":"https:\/\/zigatex.com.gt\/en\/product\/zapatitos-bebes-negro\/","title":{"rendered":"Zapatitos Beb\u00e9s &#8211; varios dise\u00f1os y colores"},"content":{"rendered":"<p><strong>Zapatitos Beb\u00e9s varios dise\u00f1os y colores, Amarillo Gris, Verde, Negro<\/strong><\/p>\n<p><strong>Tallas: 12 &#8211; 18M a 24 &#8211; 30M<\/strong><\/p>\n<p><strong>Colores surtidos<\/strong><\/p>\n<p><strong>Suela Flexible<\/strong><\/p>\n<p><strong>Variedad de dise\u00f1os<\/strong><\/p>","protected":false},"excerpt":{"rendered":"<p><strong>Zapatitos Beb\u00e9s color Negro<\/strong><\/p>\n<p><strong>Tallas: 12 &#8211; 18M a 24 &#8211; 30M<\/strong><\/p>\n<p><strong>Colores surtidos<\/strong><\/p>\n<p><strong>Suela Flexible<\/strong><\/p>\n<p><strong>Variedad de dise\u00f1os<\/strong><\/p>","protected":false},"featured_media":29762,"comment_status":"open","ping_status":"closed","template":"","meta":[],"product_brand":[52],"product_cat":[84],"product_tag":[],"class_list":{"0":"post-29765","1":"product","2":"type-product","3":"status-publish","4":"has-post-thumbnail","6":"product_brand-siksak","7":"product_cat-zapatitobebe","9":"first","10":"instock","11":"shipping-taxable","12":"product-type-simple"},"_links":{"self":[{"href":"https:\/\/zigatex.com.gt\/en\/wp-json\/wp\/v2\/product\/29765","targetHints":{"allow":["GET"]}}],"collection":[{"href":"https:\/\/zigatex.com.gt\/en\/wp-json\/wp\/v2\/product"}],"about":[{"href":"https:\/\/zigatex.com.gt\/en\/wp-json\/wp\/v2\/types\/product"}],"replies":[{"embeddable":true,"href":"https:\/\/zigatex.com.gt\/en\/wp-json\/wp\/v2\/comments?post=29765"}],"version-history":[{"count":3,"href":"https:\/\/zigatex.com.gt\/en\/wp-json\/wp\/v2\/product\/29765\/revisions"}],"predecessor-version":[{"id":29890,"href":"https:\/\/zigatex.com.gt\/en\/wp-json\/wp\/v2\/product\/29765\/revisions\/29890"}],"wp:featuredmedia":[{"embeddable":true,"href":"https:\/\/zigatex.com.gt\/en\/wp-json\/wp\/v2\/media\/29762"}],"wp:attachment":[{"href":"https:\/\/zigatex.com.gt\/en\/wp-json\/wp\/v2\/media?parent=29765"}],"wp:term":[{"taxonomy":"product_brand","embeddable":true,"href":"https:\/\/zigatex.com.gt\/en\/wp-json\/wp\/v2\/product_brand?post=29765"},{"taxonomy":"product_cat","embeddable":true,"href":"https:\/\/zigatex.com.gt\/en\/wp-json\/wp\/v2\/product_cat?post=29765"},{"taxonomy":"product_tag","embeddable":true,"href":"https:\/\/zigatex.com.gt\/en\/wp-json\/wp\/v2\/product_tag?post=29765"}],"curies":[{"name":"wp","href":"https:\/\/api.w.org\/{rel}","templated":true}]}}