{"id":29778,"date":"2025-08-12T15:42:58","date_gmt":"2025-08-12T15:42:58","guid":{"rendered":"https:\/\/zigatex.com.gt\/?post_type=product&#038;p=29778"},"modified":"2025-09-01T16:00:41","modified_gmt":"2025-09-01T16:00:41","slug":"calzado-nino-dama-y-caballero-negro","status":"publish","type":"product","link":"https:\/\/zigatex.com.gt\/en\/product\/calzado-nino-dama-y-caballero-negro\/","title":{"rendered":"Calzado Ni\u00f1o, Dama, Caballero  &#8211; varios dise\u00f1o y colores"},"content":{"rendered":"<p><strong>Calzado Ni\u00f1os, Damas y Caballeros en varios dise\u00f1os y colores<\/strong><\/p>\n<p><strong>Contamos con variedad de dise\u00f1os, colores y tallas<\/strong><\/p>\n<p><strong>Ni\u00f1os &#8211; Tallas: 21 &#8211; 32<\/strong><\/p>\n<p><strong>Dama &#8211; Tallas: 34 &#8211; 39<\/strong><\/p>\n<p><strong>Caballero &#8211; Tallas: 37 &#8211; 43<\/strong><\/p>","protected":false},"excerpt":{"rendered":"<p><strong>Calzado Ni\u00f1os, Damas y Caballeros color Negro<\/strong><\/p>\n<p><strong>Contamos con variedad de dise\u00f1os, colores y tallas<\/strong><\/p>\n<p><strong>Ni\u00f1os &#8211; Tallas: 21 &#8211; 32<\/strong><\/p>\n<p><strong>Dama &#8211; Tallas: 34 &#8211; 39<\/strong><\/p>\n<p><strong>Caballero &#8211; Tallas: 37 &#8211; 43<\/strong><\/p>","protected":false},"featured_media":29774,"comment_status":"open","ping_status":"closed","template":"","meta":[],"product_brand":[53],"product_cat":[86],"product_tag":[],"class_list":{"0":"post-29778","1":"product","2":"type-product","3":"status-publish","4":"has-post-thumbnail","6":"product_brand-sporttech","7":"product_cat-calzadoninodamacaballero","9":"first","10":"instock","11":"shipping-taxable","12":"product-type-simple"},"_links":{"self":[{"href":"https:\/\/zigatex.com.gt\/en\/wp-json\/wp\/v2\/product\/29778","targetHints":{"allow":["GET"]}}],"collection":[{"href":"https:\/\/zigatex.com.gt\/en\/wp-json\/wp\/v2\/product"}],"about":[{"href":"https:\/\/zigatex.com.gt\/en\/wp-json\/wp\/v2\/types\/product"}],"replies":[{"embeddable":true,"href":"https:\/\/zigatex.com.gt\/en\/wp-json\/wp\/v2\/comments?post=29778"}],"version-history":[{"count":3,"href":"https:\/\/zigatex.com.gt\/en\/wp-json\/wp\/v2\/product\/29778\/revisions"}],"predecessor-version":[{"id":29892,"href":"https:\/\/zigatex.com.gt\/en\/wp-json\/wp\/v2\/product\/29778\/revisions\/29892"}],"wp:featuredmedia":[{"embeddable":true,"href":"https:\/\/zigatex.com.gt\/en\/wp-json\/wp\/v2\/media\/29774"}],"wp:attachment":[{"href":"https:\/\/zigatex.com.gt\/en\/wp-json\/wp\/v2\/media?parent=29778"}],"wp:term":[{"taxonomy":"product_brand","embeddable":true,"href":"https:\/\/zigatex.com.gt\/en\/wp-json\/wp\/v2\/product_brand?post=29778"},{"taxonomy":"product_cat","embeddable":true,"href":"https:\/\/zigatex.com.gt\/en\/wp-json\/wp\/v2\/product_cat?post=29778"},{"taxonomy":"product_tag","embeddable":true,"href":"https:\/\/zigatex.com.gt\/en\/wp-json\/wp\/v2\/product_tag?post=29778"}],"curies":[{"name":"wp","href":"https:\/\/api.w.org\/{rel}","templated":true}]}}