{"id":29787,"date":"2025-08-12T15:50:47","date_gmt":"2025-08-12T15:50:47","guid":{"rendered":"https:\/\/zigatex.com.gt\/?post_type=product&#038;p=29787"},"modified":"2025-09-11T00:42:38","modified_gmt":"2025-09-11T00:42:38","slug":"compresion-pie","status":"publish","type":"product","link":"https:\/\/zigatex.com.gt\/en\/product\/compresion-pie\/","title":{"rendered":"Compresi\u00f3n Pie"},"content":{"rendered":"<p><strong>Tejidos el\u00e1sticos y t\u00e9cnicos<\/strong><\/p>\n<p><strong>Soporte muscular.<\/strong><\/p>","protected":false},"excerpt":{"rendered":"<p><strong>Tejidos el\u00e1sticos y t\u00e9cnicos<\/strong><\/p>\n<p><strong>Soporte muscular.<\/strong><\/p>","protected":false},"featured_media":29782,"comment_status":"open","ping_status":"closed","template":"","meta":[],"product_brand":[53],"product_cat":[103],"product_tag":[],"class_list":{"0":"post-29787","1":"product","2":"type-product","3":"status-publish","4":"has-post-thumbnail","6":"product_brand-sporttech","7":"product_cat-tobillo","9":"first","10":"instock","11":"shipping-taxable","12":"product-type-simple"},"_links":{"self":[{"href":"https:\/\/zigatex.com.gt\/en\/wp-json\/wp\/v2\/product\/29787","targetHints":{"allow":["GET"]}}],"collection":[{"href":"https:\/\/zigatex.com.gt\/en\/wp-json\/wp\/v2\/product"}],"about":[{"href":"https:\/\/zigatex.com.gt\/en\/wp-json\/wp\/v2\/types\/product"}],"replies":[{"embeddable":true,"href":"https:\/\/zigatex.com.gt\/en\/wp-json\/wp\/v2\/comments?post=29787"}],"version-history":[{"count":1,"href":"https:\/\/zigatex.com.gt\/en\/wp-json\/wp\/v2\/product\/29787\/revisions"}],"predecessor-version":[{"id":29788,"href":"https:\/\/zigatex.com.gt\/en\/wp-json\/wp\/v2\/product\/29787\/revisions\/29788"}],"wp:featuredmedia":[{"embeddable":true,"href":"https:\/\/zigatex.com.gt\/en\/wp-json\/wp\/v2\/media\/29782"}],"wp:attachment":[{"href":"https:\/\/zigatex.com.gt\/en\/wp-json\/wp\/v2\/media?parent=29787"}],"wp:term":[{"taxonomy":"product_brand","embeddable":true,"href":"https:\/\/zigatex.com.gt\/en\/wp-json\/wp\/v2\/product_brand?post=29787"},{"taxonomy":"product_cat","embeddable":true,"href":"https:\/\/zigatex.com.gt\/en\/wp-json\/wp\/v2\/product_cat?post=29787"},{"taxonomy":"product_tag","embeddable":true,"href":"https:\/\/zigatex.com.gt\/en\/wp-json\/wp\/v2\/product_tag?post=29787"}],"curies":[{"name":"wp","href":"https:\/\/api.w.org\/{rel}","templated":true}]}}