{"id":29978,"date":"2025-09-11T00:34:20","date_gmt":"2025-09-11T00:34:20","guid":{"rendered":"https:\/\/zigatex.com.gt\/?post_type=product&#038;p=29978"},"modified":"2025-09-11T01:24:37","modified_gmt":"2025-09-11T01:24:37","slug":"compresion-tobillo-2","status":"publish","type":"product","link":"https:\/\/zigatex.com.gt\/en\/product\/compresion-tobillo-2\/","title":{"rendered":"Compresi\u00f3n Tobillo V.2"},"content":{"rendered":"<p>Tejidos El\u00e1sticos y T\u00e9cnicos<\/p>\n<p>Soporte Muscular<\/p>","protected":false},"excerpt":{"rendered":"<p>Tejidos El\u00e1sticos y T\u00e9cnicos<\/p>\n<p>Soporte Muscular<\/p>","protected":false},"featured_media":29924,"comment_status":"open","ping_status":"closed","template":"","meta":[],"product_brand":[],"product_cat":[103],"product_tag":[],"class_list":{"0":"post-29978","1":"product","2":"type-product","3":"status-publish","4":"has-post-thumbnail","6":"product_cat-tobillo","8":"first","9":"instock","10":"shipping-taxable","11":"product-type-simple"},"_links":{"self":[{"href":"https:\/\/zigatex.com.gt\/en\/wp-json\/wp\/v2\/product\/29978","targetHints":{"allow":["GET"]}}],"collection":[{"href":"https:\/\/zigatex.com.gt\/en\/wp-json\/wp\/v2\/product"}],"about":[{"href":"https:\/\/zigatex.com.gt\/en\/wp-json\/wp\/v2\/types\/product"}],"replies":[{"embeddable":true,"href":"https:\/\/zigatex.com.gt\/en\/wp-json\/wp\/v2\/comments?post=29978"}],"version-history":[{"count":2,"href":"https:\/\/zigatex.com.gt\/en\/wp-json\/wp\/v2\/product\/29978\/revisions"}],"predecessor-version":[{"id":29994,"href":"https:\/\/zigatex.com.gt\/en\/wp-json\/wp\/v2\/product\/29978\/revisions\/29994"}],"wp:featuredmedia":[{"embeddable":true,"href":"https:\/\/zigatex.com.gt\/en\/wp-json\/wp\/v2\/media\/29924"}],"wp:attachment":[{"href":"https:\/\/zigatex.com.gt\/en\/wp-json\/wp\/v2\/media?parent=29978"}],"wp:term":[{"taxonomy":"product_brand","embeddable":true,"href":"https:\/\/zigatex.com.gt\/en\/wp-json\/wp\/v2\/product_brand?post=29978"},{"taxonomy":"product_cat","embeddable":true,"href":"https:\/\/zigatex.com.gt\/en\/wp-json\/wp\/v2\/product_cat?post=29978"},{"taxonomy":"product_tag","embeddable":true,"href":"https:\/\/zigatex.com.gt\/en\/wp-json\/wp\/v2\/product_tag?post=29978"}],"curies":[{"name":"wp","href":"https:\/\/api.w.org\/{rel}","templated":true}]}}